{"id":9792,"date":"2025-02-18T15:39:49","date_gmt":"2025-02-18T14:39:49","guid":{"rendered":"https:\/\/kinderstiftung.info\/?page_id=9792"},"modified":"2025-05-29T17:56:47","modified_gmt":"2025-05-29T15:56:47","slug":"spenden","status":"publish","type":"page","link":"https:\/\/kinderstiftung.info\/it\/spenden\/","title":{"rendered":"DONAZIONE"},"content":{"rendered":"<div data-elementor-type=\"wp-page\" data-elementor-id=\"9792\" class=\"elementor elementor-9792\" data-elementor-post-type=\"page\">\n\t\t\t\t\t\t<section class=\"elementor-section elementor-top-section elementor-element elementor-element-7116498e elementor-section-full_width elementor-section-height-min-height elementor-section-items-stretch elementor-section-content-bottom elementor-section-height-default qodef-elementor-content-no\" data-id=\"7116498e\" data-element_type=\"section\" data-settings=\"{&quot;background_background&quot;:&quot;classic&quot;}\">\n\t\t\t\t\t\t<div class=\"elementor-container elementor-column-gap-no\">\n\t\t\t\t\t<div class=\"elementor-column elementor-col-50 elementor-top-column elementor-element elementor-element-60d2926b\" data-id=\"60d2926b\" data-element_type=\"column\" data-settings=\"{&quot;background_background&quot;:&quot;classic&quot;}\">\n\t\t\t<div class=\"elementor-widget-wrap elementor-element-populated\">\n\t\t\t\t\t\t<div class=\"elementor-element elementor-element-7058c76a elementor-widget elementor-widget-heading\" data-id=\"7058c76a\" data-element_type=\"widget\" data-widget_type=\"heading.default\">\n\t\t\t\t<div class=\"elementor-widget-container\">\n\t\t\t\t\t<h1 class=\"elementor-heading-title elementor-size-default\">Spenden f\u00fcr Kinder in Not<\/h1>\t\t\t\t<\/div>\n\t\t\t\t<\/div>\n\t\t\t\t\t<\/div>\n\t\t<\/div>\n\t\t\t\t<div class=\"elementor-column elementor-col-25 elementor-top-column elementor-element elementor-element-5c6a8a59\" data-id=\"5c6a8a59\" data-element_type=\"column\" data-settings=\"{&quot;background_background&quot;:&quot;classic&quot;}\">\n\t\t\t<div class=\"elementor-widget-wrap elementor-element-populated\">\n\t\t\t\t\t\t<div class=\"elementor-element elementor-element-79da461f elementor-widget elementor-widget-image\" data-id=\"79da461f\" data-element_type=\"widget\" data-widget_type=\"image.default\">\n\t\t\t\t<div class=\"elementor-widget-container\">\n\t\t\t\t\t\t\t\t\t\t\t\t\t\t\t<img fetchpriority=\"high\" decoding=\"async\" width=\"1920\" height=\"1080\" src=\"https:\/\/kinderstiftung.info\/wp-content\/uploads\/2020\/08\/shutterstock_173326121.png\" class=\"attachment-full size-full wp-image-4959\" alt=\"\" srcset=\"https:\/\/kinderstiftung.info\/wp-content\/uploads\/2020\/08\/shutterstock_173326121.png 1920w, https:\/\/kinderstiftung.info\/wp-content\/uploads\/2020\/08\/shutterstock_173326121-300x169.png 300w, https:\/\/kinderstiftung.info\/wp-content\/uploads\/2020\/08\/shutterstock_173326121-1024x576.png 1024w, https:\/\/kinderstiftung.info\/wp-content\/uploads\/2020\/08\/shutterstock_173326121-768x432.png 768w, https:\/\/kinderstiftung.info\/wp-content\/uploads\/2020\/08\/shutterstock_173326121-1536x864.png 1536w, https:\/\/kinderstiftung.info\/wp-content\/uploads\/2020\/08\/shutterstock_173326121-600x338.png 600w\" sizes=\"(max-width: 1920px) 100vw, 1920px\" \/>\t\t\t\t\t\t\t\t\t\t\t\t\t\t\t<\/div>\n\t\t\t\t<\/div>\n\t\t\t\t\t<\/div>\n\t\t<\/div>\n\t\t\t\t<div class=\"elementor-column elementor-col-25 elementor-top-column elementor-element elementor-element-73678070\" data-id=\"73678070\" data-element_type=\"column\">\n\t\t\t<div class=\"elementor-widget-wrap elementor-element-populated\">\n\t\t\t\t\t\t<div class=\"elementor-element elementor-element-59b7a402 elementor-widget-mobile__width-initial animated-slow elementor-widget-tablet__width-initial elementor-invisible elementor-widget elementor-widget-spacer\" data-id=\"59b7a402\" data-element_type=\"widget\" data-settings=\"{&quot;_animation&quot;:&quot;fadeInRight&quot;}\" data-widget_type=\"spacer.default\">\n\t\t\t\t<div class=\"elementor-widget-container\">\n\t\t\t\t\t\t\t<div class=\"elementor-spacer\">\n\t\t\t<div class=\"elementor-spacer-inner\"><\/div>\n\t\t<\/div>\n\t\t\t\t\t\t<\/div>\n\t\t\t\t<\/div>\n\t\t\t\t\t<\/div>\n\t\t<\/div>\n\t\t\t\t\t<\/div>\n\t\t<\/section>\n\t\t\t\t<section class=\"elementor-section elementor-top-section elementor-element elementor-element-4bd2bfd elementor-section-boxed elementor-section-height-default elementor-section-height-default qodef-elementor-content-no\" data-id=\"4bd2bfd\" data-element_type=\"section\">\n\t\t\t\t\t\t<div class=\"elementor-container elementor-column-gap-default\">\n\t\t\t\t\t<div class=\"elementor-column elementor-col-100 elementor-top-column elementor-element elementor-element-fe229d3\" data-id=\"fe229d3\" data-element_type=\"column\">\n\t\t\t<div class=\"elementor-widget-wrap elementor-element-populated\">\n\t\t\t\t\t\t<div class=\"elementor-element elementor-element-f448630 elementor-widget elementor-widget-spacer\" data-id=\"f448630\" data-element_type=\"widget\" data-widget_type=\"spacer.default\">\n\t\t\t\t<div class=\"elementor-widget-container\">\n\t\t\t\t\t\t\t<div class=\"elementor-spacer\">\n\t\t\t<div class=\"elementor-spacer-inner\"><\/div>\n\t\t<\/div>\n\t\t\t\t\t\t<\/div>\n\t\t\t\t<\/div>\n\t\t\t\t\t<\/div>\n\t\t<\/div>\n\t\t\t\t\t<\/div>\n\t\t<\/section>\n\t\t\t\t<section class=\"elementor-section elementor-top-section elementor-element elementor-element-a385918 elementor-section-boxed elementor-section-height-default elementor-section-height-default qodef-elementor-content-no\" data-id=\"a385918\" data-element_type=\"section\">\n\t\t\t\t\t\t<div class=\"elementor-container elementor-column-gap-default\">\n\t\t\t\t\t<div class=\"elementor-column elementor-col-100 elementor-top-column elementor-element elementor-element-f0bcc5e\" data-id=\"f0bcc5e\" data-element_type=\"column\">\n\t\t\t<div class=\"elementor-widget-wrap elementor-element-populated\">\n\t\t\t\t\t\t<div class=\"elementor-element elementor-element-2e6faed elementor-widget elementor-widget-text-editor\" data-id=\"2e6faed\" data-element_type=\"widget\" data-widget_type=\"text-editor.default\">\n\t\t\t\t<div class=\"elementor-widget-container\">\n\t\t\t\t\t\t\t\t\t<p><span style=\"font-size: 24pt;\"><strong>Danke, dass Sie die notleidenden Kinder in der Schweiz unterst\u00fctzen. <\/strong><\/span><br \/><span style=\"font-size: 24pt;\">Die Spenden k\u00f6nnen in der Schweiz von der Steuer abgezogen werden.<\/span><\/p>\t\t\t\t\t\t\t\t<\/div>\n\t\t\t\t<\/div>\n\t\t\t\t\t<\/div>\n\t\t<\/div>\n\t\t\t\t\t<\/div>\n\t\t<\/section>\n\t\t\t\t<section class=\"elementor-section elementor-top-section elementor-element elementor-element-610955d elementor-section-boxed elementor-section-height-default elementor-section-height-default qodef-elementor-content-no\" data-id=\"610955d\" data-element_type=\"section\">\n\t\t\t\t\t\t<div class=\"elementor-container elementor-column-gap-default\">\n\t\t\t\t\t<div class=\"elementor-column elementor-col-100 elementor-top-column elementor-element elementor-element-9e2f8d6\" data-id=\"9e2f8d6\" data-element_type=\"column\">\n\t\t\t<div class=\"elementor-widget-wrap elementor-element-populated\">\n\t\t\t\t\t\t<div class=\"elementor-element elementor-element-a16c3de elementor-widget elementor-widget-html\" data-id=\"a16c3de\" data-element_type=\"widget\" data-widget_type=\"html.default\">\n\t\t\t\t<div class=\"elementor-widget-container\">\n\t\t\t\t\t<script type=\"text\/javascript\" src=\"https:\/\/secure.fundraisingbox.com\/app\/paymentJS?hash=ay960gvyyl5ju6kk\"><\/script><noscript>Bitte Javascript aktivieren<\/noscript><a target=\"_blank\" href=\"https:\/\/www.fundraisingbox.com\/?utm_source=donation_form\"><img decoding=\"async\" border=\"0\" style=\"border: 0 !important\" src=\"https:\/\/secure.fundraisingbox.com\/images\/FundraisingBox-Logo-Widget.png\" alt=\"FundraisingBox Logo\" \/><\/a>\t\t\t\t<\/div>\n\t\t\t\t<\/div>\n\t\t\t\t\t<\/div>\n\t\t<\/div>\n\t\t\t\t\t<\/div>\n\t\t<\/section>\n\t\t\t\t<section class=\"elementor-section elementor-top-section elementor-element elementor-element-6b95c242 elementor-hidden-desktop elementor-hidden-tablet elementor-hidden-mobile elementor-section-boxed elementor-section-height-default elementor-section-height-default qodef-elementor-content-no\" data-id=\"6b95c242\" data-element_type=\"section\">\n\t\t\t\t\t\t<div class=\"elementor-container elementor-column-gap-default\">\n\t\t\t\t\t<div class=\"elementor-column elementor-col-100 elementor-top-column elementor-element elementor-element-7ac1576\" data-id=\"7ac1576\" data-element_type=\"column\" data-settings=\"{&quot;background_background&quot;:&quot;classic&quot;}\">\n\t\t\t<div class=\"elementor-widget-wrap elementor-element-populated\">\n\t\t\t\t\t\t<div class=\"elementor-element elementor-element-445e71d6 elementor-widget elementor-widget-heading\" data-id=\"445e71d6\" data-element_type=\"widget\" data-widget_type=\"heading.default\">\n\t\t\t\t<div class=\"elementor-widget-container\">\n\t\t\t\t\t<h1 class=\"elementor-heading-title elementor-size-default\">Prenotazione del tavolo<\/h1>\t\t\t\t<\/div>\n\t\t\t\t<\/div>\n\t\t\t\t<div class=\"elementor-element elementor-element-6a77eb9f elementor-widget elementor-widget-heading\" data-id=\"6a77eb9f\" data-element_type=\"widget\" data-widget_type=\"heading.default\">\n\t\t\t\t<div class=\"elementor-widget-container\">\n\t\t\t\t\t<h4 class=\"elementor-heading-title elementor-size-default\">Tavolo singolo<\/h4>\t\t\t\t<\/div>\n\t\t\t\t<\/div>\n\t\t\t\t<div class=\"elementor-element elementor-element-1251d85e elementor-add-to-cart--align-left elementor-widget elementor-widget-wc-add-to-cart\" data-id=\"1251d85e\" data-element_type=\"widget\" data-widget_type=\"wc-add-to-cart.default\">\n\t\t\t\t<div class=\"elementor-widget-container\">\n\t\t\t\t\t\n\t\n\t<form class=\"cart\" action=\"https:\/\/kinderstiftung.info\/it\/prodotto\/10er-tisch\/\" method=\"post\" enctype='multipart\/form-data' data-trp-original-action=\"https:\/\/kinderstiftung.info\/it\/prodotto\/10er-tisch\/\">\n\t\t\n\t\t    <div class=\"qodef-quantity-buttons quantity\">\n                <label class=\"screen-reader-text\" for=\"quantity_69dec6dce2fa6\">Einzeltisch quantity<\/label>\n        <span class=\"qodef-quantity-minus\">-<\/span>\n        <input\n                type=\"text\"\n                id=\"quantity_69dec6dce2fa6\"\n                class=\"input-text qty text qodef-quantity-input\"\n                data-step=\"1\"\n                data-min=\"1\"\n                data-max=\"\"\n                name=\"quantity\"\n                value=\"1\"\n                title=\"Qty\"\n                size=\"4\"\n                placeholder=\"\"\n                inputmode=\"numeric\" \/>\n        <span class=\"qodef-quantity-plus\">+<\/span>\n            <\/div>\n    \n\t\t<button type=\"submit\" name=\"add-to-cart\" value=\"4802\" class=\"single_add_to_cart_button elementor-button button alt\">\t\t<span class=\"elementor-button-content-wrapper\">\n\t\t\t\t\t\t<span class=\"elementor-button-icon\">\n\t\t\t\t<i aria-hidden=\"true\" class=\"fas fa-shopping-cart\"><\/i>\t\t\t<\/span>\n\t\t\t\t\t\t\t\t<\/span>\n\t\t<\/button>\n\n\t\t\t<input type=\"hidden\" name=\"trp-form-language\" value=\"it\"\/><\/form>\n\n\t\n\t\t\t\t<\/div>\n\t\t\t\t<\/div>\n\t\t\t\t<div class=\"elementor-element elementor-element-0c16227 elementor-widget elementor-widget-shortcode\" data-id=\"0c16227\" data-element_type=\"widget\" data-widget_type=\"shortcode.default\">\n\t\t\t\t<div class=\"elementor-widget-container\">\n\t\t\t\t\t\t\t<div class=\"elementor-shortcode\"><\/div>\n\t\t\t\t\t\t<\/div>\n\t\t\t\t<\/div>\n\t\t\t\t<div class=\"elementor-element elementor-element-30fa7d9b elementor-widget elementor-widget-heading\" data-id=\"30fa7d9b\" data-element_type=\"widget\" data-widget_type=\"heading.default\">\n\t\t\t\t<div class=\"elementor-widget-container\">\n\t\t\t\t\t<h4 class=\"elementor-heading-title elementor-size-default\">Tabella di 8<\/h4>\t\t\t\t<\/div>\n\t\t\t\t<\/div>\n\t\t\t\t<div class=\"elementor-element elementor-element-33a5835d elementor-add-to-cart--align-left elementor-widget elementor-widget-wc-add-to-cart\" data-id=\"33a5835d\" data-element_type=\"widget\" data-widget_type=\"wc-add-to-cart.default\">\n\t\t\t\t<div class=\"elementor-widget-container\">\n\t\t\t\t\t\n\t\n\t<form class=\"cart\" action=\"https:\/\/kinderstiftung.info\/it\/prodotto\/8er-tisch\/\" method=\"post\" enctype='multipart\/form-data' data-trp-original-action=\"https:\/\/kinderstiftung.info\/it\/prodotto\/8er-tisch\/\">\n\t\t\n\t\t    <div class=\"qodef-quantity-buttons quantity\">\n                <label class=\"screen-reader-text\" for=\"quantity_69dec6dce74b4\">8er Tisch quantity<\/label>\n        <span class=\"qodef-quantity-minus\">-<\/span>\n        <input\n                type=\"text\"\n                id=\"quantity_69dec6dce74b4\"\n                class=\"input-text qty text qodef-quantity-input\"\n                data-step=\"1\"\n                data-min=\"1\"\n                data-max=\"\"\n                name=\"quantity\"\n                value=\"1\"\n                title=\"Qty\"\n                size=\"4\"\n                placeholder=\"\"\n                inputmode=\"numeric\" \/>\n        <span class=\"qodef-quantity-plus\">+<\/span>\n            <\/div>\n    \n\t\t<button type=\"submit\" name=\"add-to-cart\" value=\"8748\" class=\"single_add_to_cart_button elementor-button button alt\">\t\t<span class=\"elementor-button-content-wrapper\">\n\t\t\t\t\t\t<span class=\"elementor-button-icon\">\n\t\t\t\t<i aria-hidden=\"true\" class=\"fas fa-shopping-cart\"><\/i>\t\t\t<\/span>\n\t\t\t\t\t\t\t\t<\/span>\n\t\t<\/button>\n\n\t\t\t<input type=\"hidden\" name=\"trp-form-language\" value=\"it\"\/><\/form>\n\n\t\n\t\t\t\t<\/div>\n\t\t\t\t<\/div>\n\t\t\t\t<div class=\"elementor-element elementor-element-71ed3da0 elementor-widget elementor-widget-heading\" data-id=\"71ed3da0\" data-element_type=\"widget\" data-widget_type=\"heading.default\">\n\t\t\t\t<div class=\"elementor-widget-container\">\n\t\t\t\t\t<h4 class=\"elementor-heading-title elementor-size-default\">Tabella dei 10<\/h4>\t\t\t\t<\/div>\n\t\t\t\t<\/div>\n\t\t\t\t<div class=\"elementor-element elementor-element-3b2decac elementor-add-to-cart--align-left elementor-widget elementor-widget-wc-add-to-cart\" data-id=\"3b2decac\" data-element_type=\"widget\" data-widget_type=\"wc-add-to-cart.default\">\n\t\t\t\t<div class=\"elementor-widget-container\">\n\t\t\t\t\t\n\t\n\t<form class=\"cart\" action=\"https:\/\/kinderstiftung.info\/it\/prodotto\/10er-tisch-2\/\" method=\"post\" enctype='multipart\/form-data' data-trp-original-action=\"https:\/\/kinderstiftung.info\/it\/prodotto\/10er-tisch-2\/\">\n\t\t\n\t\t    <div class=\"qodef-quantity-buttons quantity\">\n                <label class=\"screen-reader-text\" for=\"quantity_69dec6dcea447\">10er Tisch quantity<\/label>\n        <span class=\"qodef-quantity-minus\">-<\/span>\n        <input\n                type=\"text\"\n                id=\"quantity_69dec6dcea447\"\n                class=\"input-text qty text qodef-quantity-input\"\n                data-step=\"1\"\n                data-min=\"1\"\n                data-max=\"\"\n                name=\"quantity\"\n                value=\"1\"\n                title=\"Qty\"\n                size=\"4\"\n                placeholder=\"\"\n                inputmode=\"numeric\" \/>\n        <span class=\"qodef-quantity-plus\">+<\/span>\n            <\/div>\n    \n\t\t<button type=\"submit\" name=\"add-to-cart\" value=\"8749\" class=\"single_add_to_cart_button elementor-button button alt\">\t\t<span class=\"elementor-button-content-wrapper\">\n\t\t\t\t\t\t<span class=\"elementor-button-icon\">\n\t\t\t\t<i aria-hidden=\"true\" class=\"fas fa-shopping-cart\"><\/i>\t\t\t<\/span>\n\t\t\t\t\t\t\t\t<\/span>\n\t\t<\/button>\n\n\t\t\t<input type=\"hidden\" name=\"trp-form-language\" value=\"it\"\/><\/form>\n\n\t\n\t\t\t\t<\/div>\n\t\t\t\t<\/div>\n\t\t\t\t<div class=\"elementor-element elementor-element-300927e9 elementor-widget elementor-widget-rightcause_core_separator\" data-id=\"300927e9\" data-element_type=\"widget\" data-widget_type=\"rightcause_core_separator.default\">\n\t\t\t\t<div class=\"elementor-widget-container\">\n\t\t\t\t\t<div class=\"qodef-shortcode qodef-m  qodef-separator clear\">\n\t<div class=\"qodef-m-line\" style=\"border-bottom-width: 5px\"><\/div>\n<\/div>\t\t\t\t<\/div>\n\t\t\t\t<\/div>\n\t\t\t\t<div class=\"elementor-element elementor-element-466b68b1 elementor-widget elementor-widget-heading\" data-id=\"466b68b1\" data-element_type=\"widget\" data-widget_type=\"heading.default\">\n\t\t\t\t<div class=\"elementor-widget-container\">\n\t\t\t\t\t<h1 class=\"elementor-heading-title elementor-size-default\">Menu<\/h1>\t\t\t\t<\/div>\n\t\t\t\t<\/div>\n\t\t\t\t<div class=\"elementor-element elementor-element-62abbf73 elementor-widget elementor-widget-heading\" data-id=\"62abbf73\" data-element_type=\"widget\" data-widget_type=\"heading.default\">\n\t\t\t\t<div class=\"elementor-widget-container\">\n\t\t\t\t\t<h4 class=\"elementor-heading-title elementor-size-default\">Menu carne<\/h4>\t\t\t\t<\/div>\n\t\t\t\t<\/div>\n\t\t\t\t<div class=\"elementor-element elementor-element-633b2ac0 elementor-add-to-cart--align-left elementor-widget elementor-widget-wc-add-to-cart\" data-id=\"633b2ac0\" data-element_type=\"widget\" data-widget_type=\"wc-add-to-cart.default\">\n\t\t\t\t<div class=\"elementor-widget-container\">\n\t\t\t\t\t\n\t\n\t<form class=\"cart\" action=\"https:\/\/kinderstiftung.info\/it\/prodotto\/menu\/\" method=\"post\" enctype='multipart\/form-data' data-trp-original-action=\"https:\/\/kinderstiftung.info\/it\/prodotto\/menu\/\">\n\t\t\n\t\t    <div class=\"qodef-quantity-buttons quantity\">\n                <label class=\"screen-reader-text\" for=\"quantity_69dec6dcf0834\">Fleischmenu quantity<\/label>\n        <span class=\"qodef-quantity-minus\">-<\/span>\n        <input\n                type=\"text\"\n                id=\"quantity_69dec6dcf0834\"\n                class=\"input-text qty text qodef-quantity-input\"\n                data-step=\"1\"\n                data-min=\"1\"\n                data-max=\"\"\n                name=\"quantity\"\n                value=\"1\"\n                title=\"Qty\"\n                size=\"4\"\n                placeholder=\"\"\n                inputmode=\"numeric\" \/>\n        <span class=\"qodef-quantity-plus\">+<\/span>\n            <\/div>\n    \n\t\t<button type=\"submit\" name=\"add-to-cart\" value=\"8750\" class=\"single_add_to_cart_button elementor-button button alt\">\t\t<span class=\"elementor-button-content-wrapper\">\n\t\t\t\t\t\t<span class=\"elementor-button-icon\">\n\t\t\t\t<i aria-hidden=\"true\" class=\"fas fa-shopping-cart\"><\/i>\t\t\t<\/span>\n\t\t\t\t\t\t\t\t<\/span>\n\t\t<\/button>\n\n\t\t\t<input type=\"hidden\" name=\"trp-form-language\" value=\"it\"\/><\/form>\n\n\t\n\t\t\t\t<\/div>\n\t\t\t\t<\/div>\n\t\t\t\t<div class=\"elementor-element elementor-element-29496c8d elementor-widget elementor-widget-heading\" data-id=\"29496c8d\" data-element_type=\"widget\" data-widget_type=\"heading.default\">\n\t\t\t\t<div class=\"elementor-widget-container\">\n\t\t\t\t\t<h4 class=\"elementor-heading-title elementor-size-default\">Menu Vegi<\/h4>\t\t\t\t<\/div>\n\t\t\t\t<\/div>\n\t\t\t\t<div class=\"elementor-element elementor-element-22276a90 elementor-add-to-cart--align-left elementor-widget elementor-widget-wc-add-to-cart\" data-id=\"22276a90\" data-element_type=\"widget\" data-widget_type=\"wc-add-to-cart.default\">\n\t\t\t\t<div class=\"elementor-widget-container\">\n\t\t\t\t\t\n\t\n\t<form class=\"cart\" action=\"https:\/\/kinderstiftung.info\/it\/prodotto\/vegimenu\/\" method=\"post\" enctype='multipart\/form-data' data-trp-original-action=\"https:\/\/kinderstiftung.info\/it\/prodotto\/vegimenu\/\">\n\t\t\n\t\t    <div class=\"qodef-quantity-buttons quantity\">\n                <label class=\"screen-reader-text\" for=\"quantity_69dec6dcf371d\">Vegimenu quantity<\/label>\n        <span class=\"qodef-quantity-minus\">-<\/span>\n        <input\n                type=\"text\"\n                id=\"quantity_69dec6dcf371d\"\n                class=\"input-text qty text qodef-quantity-input\"\n                data-step=\"1\"\n                data-min=\"1\"\n                data-max=\"\"\n                name=\"quantity\"\n                value=\"1\"\n                title=\"Qty\"\n                size=\"4\"\n                placeholder=\"\"\n                inputmode=\"numeric\" \/>\n        <span class=\"qodef-quantity-plus\">+<\/span>\n            <\/div>\n    \n\t\t<button type=\"submit\" name=\"add-to-cart\" value=\"8751\" class=\"single_add_to_cart_button elementor-button button alt\">\t\t<span class=\"elementor-button-content-wrapper\">\n\t\t\t\t\t\t<span class=\"elementor-button-icon\">\n\t\t\t\t<i aria-hidden=\"true\" class=\"fas fa-shopping-cart\"><\/i>\t\t\t<\/span>\n\t\t\t\t\t\t\t\t<\/span>\n\t\t<\/button>\n\n\t\t\t<input type=\"hidden\" name=\"trp-form-language\" value=\"it\"\/><\/form>\n\n\t\n\t\t\t\t<\/div>\n\t\t\t\t<\/div>\n\t\t\t\t<div class=\"elementor-element elementor-element-50f800f elementor-widget elementor-widget-eael-woo-cart\" data-id=\"50f800f\" data-element_type=\"widget\" data-widget_type=\"eael-woo-cart.default\">\n\t\t\t\t<div class=\"elementor-widget-container\">\n\t\t\t\t\t\t\t\t\t<div class=\"eael-woo-cart-wrapper eael-woo-cart-empty eael-woo-default eael-auto-update33\">\n\t\t\t\t<div class=\"woocommerce-notices-wrapper\"><\/div><div class=\"wc-empty-cart-message\">\n\t<div class=\"cart-empty woocommerce-info\">\n\t\tIl carrello \u00e8 attualmente vuoto.\t<\/div>\n<\/div>\t<p class=\"return-to-shop\">\n\t\t<a class=\"button wc-backward\" href=\"https:\/\/kinderstiftung.info\/it\/shop\/\">\n\t\t\tRitorna al negozio\t\t<\/a>\n\t<\/p>\n                <\/div>\n\t\t\t\t        <script>document.body.classList.add(\"eael-woo-cart\");<\/script>\n\t\t\t\t\t\t<\/div>\n\t\t\t\t<\/div>\n\t\t\t\t\t<\/div>\n\t\t<\/div>\n\t\t\t\t\t<\/div>\n\t\t<\/section>\n\t\t\t\t<section class=\"elementor-section elementor-top-section elementor-element elementor-element-00a1cf8 elementor-section-full_width elementor-section-height-default elementor-section-height-default qodef-elementor-content-no\" data-id=\"00a1cf8\" data-element_type=\"section\" data-settings=\"{&quot;background_background&quot;:&quot;classic&quot;}\">\n\t\t\t\t\t\t<div class=\"elementor-container elementor-column-gap-default\">\n\t\t\t\t\t<div class=\"elementor-column elementor-col-100 elementor-top-column elementor-element elementor-element-48922ce\" data-id=\"48922ce\" data-element_type=\"column\" data-settings=\"{&quot;background_background&quot;:&quot;classic&quot;}\">\n\t\t\t<div class=\"elementor-widget-wrap elementor-element-populated\">\n\t\t\t\t\t\t<div class=\"elementor-element elementor-element-4a31980 elementor-widget-mobile__width-inherit elementor-widget elementor-widget-rightcause_core_call_to_action\" data-id=\"4a31980\" data-element_type=\"widget\" data-widget_type=\"rightcause_core_call_to_action.default\">\n\t\t\t\t<div class=\"elementor-widget-container\">\n\t\t\t\t\t<div class=\"qodef-shortcode qodef-m  qodef-call-to-action qodef-layout--standard qodef-style--centered\">\n\t<div class=\"qodef-m-inner\">\n\t\t\t<div class=\"qodef-m-content\"><h2><span style=\"color: #c01414;\">GLEICHE CHANCEN F\u00dcR ALLE<\/span><\/h2><\/div>\n\t\t\t<\/div>\n<\/div>\t\t\t\t<\/div>\n\t\t\t\t<\/div>\n\t\t\t\t\t<\/div>\n\t\t<\/div>\n\t\t\t\t\t<\/div>\n\t\t<\/section>\n\t\t\t\t<section class=\"elementor-section elementor-top-section elementor-element elementor-element-921bd6f qodef-elementor-content-grid elementor-section-boxed elementor-section-height-default elementor-section-height-default\" data-id=\"921bd6f\" data-element_type=\"section\" data-settings=\"{&quot;background_background&quot;:&quot;classic&quot;}\">\n\t\t\t\t\t\t<div class=\"elementor-container elementor-column-gap-default\">\n\t\t\t\t\t<div class=\"elementor-column elementor-col-100 elementor-top-column elementor-element elementor-element-ea1de9b\" data-id=\"ea1de9b\" data-element_type=\"column\">\n\t\t\t<div class=\"elementor-widget-wrap elementor-element-populated\">\n\t\t\t\t\t\t<div class=\"elementor-element elementor-element-b2adbd9 elementor-widget elementor-widget-spacer\" data-id=\"b2adbd9\" data-element_type=\"widget\" data-widget_type=\"spacer.default\">\n\t\t\t\t<div class=\"elementor-widget-container\">\n\t\t\t\t\t\t\t<div class=\"elementor-spacer\">\n\t\t\t<div class=\"elementor-spacer-inner\"><\/div>\n\t\t<\/div>\n\t\t\t\t\t\t<\/div>\n\t\t\t\t<\/div>\n\t\t\t\t\t<\/div>\n\t\t<\/div>\n\t\t\t\t\t<\/div>\n\t\t<\/section>\n\t\t\t\t<\/div>","protected":false},"excerpt":{"rendered":"<p>Spenden f\u00fcr Kinder in Not Danke, dass Sie die notleidenden Kinder in der Schweiz unterst\u00fctzen. Die Spenden k\u00f6nnen in der Schweiz von der Steuer abgezogen werden. Bitte Javascript aktivieren Tisch Reservierung Einzeltisch Einzeltisch quantity &#8211; + 8er Tisch 8er Tisch quantity &#8211; + 10er Tisch 10er Tisch quantity &#8211; + Menus Fleisch-Menu Fleischmenu quantity &#8211; [&hellip;]<\/p>","protected":false},"author":2,"featured_media":0,"parent":0,"menu_order":0,"comment_status":"closed","ping_status":"closed","template":"","meta":{"footnotes":""},"class_list":["post-9792","page","type-page","status-publish","hentry"],"_links":{"self":[{"href":"https:\/\/kinderstiftung.info\/it\/wp-json\/wp\/v2\/pages\/9792","targetHints":{"allow":["GET"]}}],"collection":[{"href":"https:\/\/kinderstiftung.info\/it\/wp-json\/wp\/v2\/pages"}],"about":[{"href":"https:\/\/kinderstiftung.info\/it\/wp-json\/wp\/v2\/types\/page"}],"author":[{"embeddable":true,"href":"https:\/\/kinderstiftung.info\/it\/wp-json\/wp\/v2\/users\/2"}],"replies":[{"embeddable":true,"href":"https:\/\/kinderstiftung.info\/it\/wp-json\/wp\/v2\/comments?post=9792"}],"version-history":[{"count":16,"href":"https:\/\/kinderstiftung.info\/it\/wp-json\/wp\/v2\/pages\/9792\/revisions"}],"predecessor-version":[{"id":9895,"href":"https:\/\/kinderstiftung.info\/it\/wp-json\/wp\/v2\/pages\/9792\/revisions\/9895"}],"wp:attachment":[{"href":"https:\/\/kinderstiftung.info\/it\/wp-json\/wp\/v2\/media?parent=9792"}],"curies":[{"name":"wp","href":"https:\/\/api.w.org\/{rel}","templated":true}]}}