{"id":3,"date":"2020-08-11T09:42:46","date_gmt":"2020-08-11T07:42:46","guid":{"rendered":"https:\/\/kinderstiftung.info\/?page_id=3"},"modified":"2022-05-03T14:48:19","modified_gmt":"2022-05-03T12:48:19","slug":"datenschutzerklaerung","status":"publish","type":"page","link":"https:\/\/kinderstiftung.info\/it\/datenschutzerklaerung\/","title":{"rendered":"Informativa sulla privacy"},"content":{"rendered":"<div data-elementor-type=\"wp-page\" data-elementor-id=\"3\" class=\"elementor elementor-3\" data-elementor-post-type=\"page\">\n\t\t\t\t<section class=\"elementor-section elementor-top-section elementor-element elementor-element-741a8f9f elementor-section-boxed elementor-section-height-default elementor-section-height-default qodef-elementor-content-no\" data-id=\"741a8f9f\" data-element_type=\"section\">\n\t\t\t\t\t\t<div class=\"elementor-container elementor-column-gap-default\">\n\t\t\t\t\t<div class=\"elementor-column elementor-col-100 elementor-top-column elementor-element elementor-element-6a82aca4\" data-id=\"6a82aca4\" data-element_type=\"column\">\n\t\t\t<div class=\"elementor-widget-wrap elementor-element-populated\">\n\t\t\t\t\t\t<div class=\"elementor-element elementor-element-1f307b91 elementor-widget elementor-widget-text-editor\" data-id=\"1f307b91\" data-element_type=\"widget\" data-widget_type=\"text-editor.default\">\n\t\t\t\t<div class=\"elementor-widget-container\">\n\t\t\t\t\t\t\t\t\t<p><\/p>\n<p class=\"p1\"><b>Dichiarazione di non responsabilit\u00e0<\/b><\/p>\n<p class=\"p1\">L'autore non si assume alcuna responsabilit\u00e0 in merito alla correttezza, all'accuratezza, all'attualit\u00e0, all'affidabilit\u00e0 e alla completezza delle informazioni. Le richieste di risarcimento per danni causati dall'uso delle informazioni fornite, comprese quelle incomplete o errate, saranno pertanto respinte. <u>Utilizzo<\/u> o il mancato utilizzo delle informazioni pubblicate, l'uso improprio della connessione o i guasti tecnici sono esclusi. Tutte le offerte non sono vincolanti. L'autore si riserva espressamente il diritto di modificare, integrare o cancellare parti delle pagine o l'intera offerta senza preavviso o di interrompere temporaneamente o definitivamente la pubblicazione.<\/p>\n<p class=\"p1\"><b>Responsabilit\u00e0 per i link<\/b><\/p>\n<p class=\"p1\">I riferimenti e i link a siti web di terzi non rientrano nella nostra sfera di responsabilit\u00e0 e decliniamo ogni responsabilit\u00e0 per tali siti. L'accesso e l'utilizzo di tali siti web \u00e8 a rischio e pericolo dell'utente.<\/p>\n<p class=\"p1\"><b>Copyright<\/b><\/p>\n<p class=\"p1\">I diritti d'autore e tutti gli altri diritti sui contenuti, le immagini, le foto o altri file del sito web appartengono esclusivamente ai proprietari del sito. I contenuti, le immagini, le foto o altri file non possono essere copiati, scaricati o utilizzati da screenshot per scopi propri.<\/p>\n<p class=\"p1\"><b>Dichiarazione sulla protezione dei dati<\/b><\/p>\n<p class=\"p1\">Prendiamo sul serio la protezione della vostra privacy. Di seguito vi informiamo in dettaglio su come trattiamo i vostri dati:<\/p>\n<p class=\"p1\">Ogni persona ha diritto al rispetto della propria privacy e alla protezione dall'uso improprio dei propri dati personali. Ci atteniamo a queste disposizioni. I dati personali sono trattati in modo strettamente confidenziale e non vengono venduti o ceduti a terzi. In stretta collaborazione con i nostri fornitori di hosting, cerchiamo di proteggere al meglio i database da accessi non autorizzati, perdita, uso improprio o falsificazione.<\/p>\n<p class=\"p1\">La seguente dichiarazione sulla protezione dei dati \u00e8 valida per l'intero sito web del proprietario del sito. Questo include tutti i domini.<\/p>\n<p class=\"p1\"><b>Trattamento dei dati personali<\/b><\/p>\n<p class=\"p1\">I dati personali sono informazioni che possono essere utilizzate per identificare una persona, ossia informazioni che possono essere ricondotte a una persona. Questo include il nome, l'indirizzo e-mail o il numero di telefono. Ma anche i dati sulle preferenze, gli hobby, le appartenenze o i siti web visitati da qualcuno sono considerati dati personali.<\/p>\n<p class=\"p1\">I dati personali vengono raccolti, utilizzati e trasmessi da noi solo se ci\u00f2 \u00e8 consentito dalla legge o se gli utenti acconsentono alla raccolta dei dati. Se vengono raccolti dati corrispondenti, questi possono essere utilizzati di conseguenza con fornitori di analisi e di tracking.<\/p>\n<p class=\"p1\"><b>Contatto<\/b><\/p>\n<p class=\"p1\">Se ci contattate tramite il modulo sul sito web o via e-mail, i dati da voi forniti saranno da noi memorizzati per l'elaborazione della richiesta e in caso di domande successive. Non trasmettiamo questi dati senza il vostro consenso.<\/p>\n<p class=\"p1\"><b>Dati di accesso \/ file di log del server<\/b><\/p>\n<p class=\"p1\">Noi (o il nostro provider web) raccogliamo dati su ogni accesso al sito web (i cosiddetti file di log del server). I dati di accesso comprendono il nome del sito web visitato, la data e l'ora di accesso, il tipo\/versione del browser, il sistema operativo utilizzato, l'URL di riferimento (la pagina precedentemente visitata) e il nome host del computer di accesso (indirizzo IP). Il fornitore utilizza i dati di log solo per valutazioni statistiche ai fini del funzionamento, della sicurezza e dell'ottimizzazione dell'offerta.<\/p>\n<p class=\"p1\"><b>Biscotti<\/b><\/p>\n<p class=\"p1\">I cookie sono piccoli file che consentono di memorizzare sul dispositivo di accesso dell'utente (PC, smartphone o simili) informazioni specifiche relative al dispositivo. Da un lato, servono alla facilit\u00e0 d'uso dei siti web e quindi agli utenti (ad esempio, la memorizzazione dei dati di login). D'altro canto, vengono utilizzati per raccogliere dati statistici sull'utilizzo del sito web e per poterli analizzare al fine di migliorare la nostra offerta. Utilizziamo i cookie per rendere la nostra offerta di facile utilizzo. Alcuni cookie rimangono memorizzati sul vostro terminale finch\u00e9 non li cancellate. Ci permettono di riconoscere il vostro browser alla vostra prossima visita.<\/p>\n<p class=\"p1\">Gli utenti possono influenzare l'uso dei cookie. La maggior parte dei browser dispone di un'opzione che consente di limitare o impedire completamente la memorizzazione dei cookie. Tuttavia, si sottolinea che l'utilizzo e in particolare il comfort dell'utente sono limitati senza i cookie.<\/p>\n<p class=\"p1\">Le istruzioni per eliminare i cookie nei browser pi\u00f9 diffusi sono disponibili qui:<\/p>\n<ul class=\"ul1\">\n<li class=\"li1\">Microsoft Internet Explorer:\u00a0<a href=\"http:\/\/windows.microsoft.com\/de-DE\/windows-vista\/Block-or-allow-cookies\"><span class=\"s2\">Istruzioni<\/span><\/a><\/li>\n<li class=\"li1\">Mozilla Firefox:\u00a0<a href=\"https:\/\/support.mozilla.com\/de\/kb\/cookies-loeschen-daten-von-websites-entfernen\"><span class=\"s2\">Istruzioni<\/span><\/a><\/li>\n<li class=\"li1\">Google Chrome:\u00a0<a href=\"https:\/\/support.google.com\/chrome\/answer\/95647?hl=de\"><span class=\"s2\">Istruzioni<\/span><\/a><\/li>\n<li class=\"li1\">Apple Safari:\u00a0<a href=\"https:\/\/support.apple.com\/de-ch\/guide\/safari\/sfri11471\/mac\"><span class=\"s2\">Istruzioni<\/span><\/a><\/li>\n<li class=\"li1\">Opera:\u00a0<a href=\"http:\/\/help.opera.com\/Windows\/9.10\/de\/cookies.html\"><span class=\"s2\">Istruzioni<\/span><\/a><\/li>\n<\/ul>\n<p class=\"p1\">In alternativa, \u00e8 possibile disattivare l'uso dei cookie da parte di terzi visitando la pagina di disattivazione della Network Advertising Initiative all'indirizzo\u00a0<a href=\"http:\/\/www.networkadvertising.org\/managing\/opt_out.asp\"><span class=\"s3\">http:\/\/www.networkadvertising.org\/managing\/opt_out.asp<\/span><\/a>\u00a0richiamo.<\/p>\n<p class=\"p1\"><b>Google Analytics e Google Remarketing<\/b><\/p>\n<p class=\"p1\">Questo sito web utilizza Google Analytics, un servizio di analisi web fornito da Google, Inc. Google Analytics utilizza dei \"cookie\", ovvero dei file di testo che vengono depositati sul vostro computer per consentire al sito web di analizzare come gli utenti utilizzano il sito. Le informazioni generate dal cookie sull'utilizzo di questo sito web da parte degli utenti vengono solitamente trasmesse a un server di Google negli Stati Uniti e l\u00ec memorizzate.<\/p>\n<p class=\"p1\">Tuttavia, nel caso in cui su questo sito sia attivata l'anonimizzazione dell'IP, l'indirizzo IP dell'utente viene preventivamente abbreviato da Google all'interno degli Stati membri dell'Unione Europea o in altri Stati contraenti dell'Accordo sullo Spazio Economico Europeo. Solo in casi eccezionali l'indirizzo IP completo viene trasmesso a un server di Google negli Stati Uniti e l\u00ec abbreviato. L'anonimizzazione dell'IP \u00e8 attiva su questo sito web. Per conto del gestore di questo sito web, Google utilizzer\u00e0 queste informazioni allo scopo di valutare l'utilizzo del sito web da parte degli utenti, compilare report sulle attivit\u00e0 del sito web e fornire altri servizi relativi alle attivit\u00e0 del sito web e all'utilizzo di Internet al gestore del sito web.<\/p>\n<p class=\"p1\">L'indirizzo IP trasmesso dal vostro browser nell'ambito di Google Analytics non viene unito ad altri dati di Google. Gli utenti possono rifiutare l'uso dei cookie selezionando l'impostazione appropriata sul proprio browser, ma si prega di notare che in tal caso potrebbe non essere possibile utilizzare tutte le funzionalit\u00e0 di questo sito web. Gli utenti possono inoltre impedire il rilevamento dei dati generati dal cookie e relativi all'utilizzo del sito web (compreso l'indirizzo IP) da parte di Google e il trattamento di tali dati da parte di Google scaricando e installando il plugin del browser disponibile al seguente link:\u00a0<a href=\"http:\/\/tools.google.com\/dlpage\/gaoptout?hl=de\"><span class=\"s2\">http:\/\/tools.google.com\/dlpage\/gaoptout?hl=de<\/span><\/a>.<\/p>\n<p class=\"p1\"><b>Analisi Hotjar<\/b><\/p>\n<p class=\"p1\">Utilizziamo Hotjar per comprendere meglio le esigenze dei nostri utenti e per ottimizzare l'offerta e l'esperienza su questo sito web. La tecnologia di Hotjar ci consente di comprendere meglio l'esperienza dei nostri utenti (ad esempio, quanto tempo gli utenti trascorrono su quali pagine, su quali link cliccano, cosa piace e cosa non piace, ecc. Hotjar utilizza i cookie e altre tecnologie per raccogliere dati sul comportamento dei nostri utenti e dei loro dispositivi, in particolare l'indirizzo IP del dispositivo (raccolto e memorizzato in forma anonima solo durante l'utilizzo del sito web), le dimensioni dello schermo, il tipo di dispositivo (identificatori unici del dispositivo), le informazioni sul browser utilizzato, la posizione (solo per il paese), la lingua preferita per la visualizzazione del nostro sito web. Hotjar memorizza queste informazioni per nostro conto in un profilo utente pseudonimizzato. Hotjar ha il divieto contrattuale di vendere i dati raccolti per nostro conto.<\/p>\n<p class=\"p1\"><i>Ulteriori informazioni sono disponibili nella sezione \"Informazioni su Hotjar\" su\u00a0<\/i><a href=\"https:\/\/help.hotjar.com\/hc\/en-us\/categories\/115001323967-About-Hotjar\"><span class=\"s2\"><i>Pagina di aiuto di Hotjar<\/i><\/span><\/a><i>.<\/i><\/p>\n<p class=\"p1\"><b>Tracciamento universale degli eventi (UET) di Bing<\/b><\/p>\n<p class=\"p1\">Sul nostro sito web, i dati vengono raccolti e memorizzati utilizzando le tecnologie di Bing Ads, da cui vengono creati profili di utilizzo utilizzando pseudonimi. Questo \u00e8 un servizio fornito da Microsoft Corporation, One Microsoft Way, Redmond, WA 98052-6399, USA. Questo servizio ci permette di tracciare le attivit\u00e0 degli utenti sul nostro sito web se hanno raggiunto il nostro sito web tramite annunci di Bing Ads. Se arrivate sul nostro sito web tramite un annuncio di questo tipo, sul vostro computer viene impostato un cookie. Sul nostro sito web \u00e8 integrato un tag Bing UET. Si tratta di un codice che, insieme al cookie, memorizza alcune informazioni non personali sull'utilizzo del sito web. Ci\u00f2 include, tra l'altro, la durata della permanenza sul sito web, le aree del sito a cui si \u00e8 acceduto e la pubblicit\u00e0 con cui gli utenti sono arrivati al sito. Non vengono raccolte informazioni sulla vostra identit\u00e0.<\/p>\n<p class=\"p1\">Le informazioni raccolte vengono trasferite ai server Microsoft negli Stati Uniti e l\u00ec conservate per un massimo di 180 giorni. Potete impedire la raccolta dei dati generati dal cookie e relativi al vostro utilizzo del sito web, nonch\u00e9 il trattamento di tali dati, disattivando l'impostazione dei cookie. Ci\u00f2 pu\u00f2 limitare la funzionalit\u00e0 del sito web in determinate circostanze.<\/p>\n<p class=\"p1\">Inoltre, Microsoft potrebbe essere in grado di tracciare il comportamento di utilizzo dell'utente su pi\u00f9 dispositivi elettronici attraverso il tracciamento cross-device, che consente a Microsoft di visualizzare pubblicit\u00e0 personalizzata su o all'interno dei siti web e delle app Microsoft. \u00c8 possibile disattivare questo comportamento all'indirizzo http:\/\/choice.microsoft.com\/de-de\/opt-out.<\/p>\n<p class=\"p1\">Per ulteriori informazioni sui servizi di analisi di Bing, visitare il sito web di Bing Ads (\u00a0<a href=\"https:\/\/help.bingads.microsoft.com\/#apex\/3\/de\/53056\/2\"><span class=\"s3\">https:\/\/help.bingads.microsoft.com\/#apex\/3\/de\/53056\/2<\/span><\/a>\u00a0). Per ulteriori informazioni sulla protezione dei dati in Microsoft e Bing, consultare l'informativa sulla privacy di Microsoft (\u00a0<a href=\"https:\/\/privacy.microsoft.com\/de-de\/privacystatement)\"><span class=\"s2\">https:\/\/privacy.microsoft.com\/de-de\/privacystatement)<\/span><\/a>.<\/p>\n<p class=\"p1\"><b>Facebook Remarketing \/ Retargeting (Custom Audiences)<\/b><\/p>\n<p class=\"p1\">Il Pixel di Facebook del social network Facebook, 1601 South California Avenue, Palo Alto, CA 94304, USA \u00e8 integrato nelle nostre pagine. Quando visitate le nostre pagine, viene stabilita una connessione diretta tra il vostro browser e il server di Facebook tramite il pixel di Facebook. Facebook riceve quindi l'informazione che l'utente ha visitato il nostro sito con il suo indirizzo IP. Ci\u00f2 consente a Facebook di assegnare la visita alle nostre pagine al vostro account utente. Possiamo utilizzare le informazioni cos\u00ec ottenute per la visualizzazione di Facebook Ads o per le funzionalit\u00e0 di monitoraggio. Desideriamo sottolineare che noi, in quanto fornitori delle pagine, non siamo a conoscenza del contenuto dei dati trasmessi n\u00e9 del loro utilizzo da parte di Facebook. Per maggiori informazioni su questo aspetto \u00e8 possibile consultare l'informativa sulla privacy di Facebook all'indirizzo\u00a0<a href=\"https:\/\/www.facebook.com\/about\/privacy\/\"><span class=\"s3\">https:\/\/www.facebook.com\/about\/privacy\/<\/span><\/a>\u00a0. Se non desiderate che vengano raccolti dati tramite Custom Audiences, potete disattivare Custom Audiences qui.<\/p>\n<p class=\"p1\"><b>Remarketing e retargeting su LinkedIn<\/b><\/p>\n<p class=\"p1\">Sulle nostre pagine sono integrati tag di remarketing del social network LinkedIn Corporation, 2029 Stierlin Court, Mountain View, CA 94043, USA. Quando visitate le nostre pagine, i tag di remarketing stabiliscono una connessione diretta tra il vostro browser e il server di LinkedIn. LinkedIn riceve quindi l'informazione che l'utente ha visitato il nostro sito con il suo indirizzo IP. Ci\u00f2 consente a LinkedIn di assegnare la visita alle nostre pagine al vostro account utente. Possiamo utilizzare le informazioni ottenute in questo modo per visualizzare gli annunci di LinkedIn. Desideriamo sottolineare che noi, in qualit\u00e0 di provider delle pagine, non siamo a conoscenza del contenuto dei dati trasmessi n\u00e9 del loro utilizzo da parte di LinkedIn. Per maggiori informazioni su questo aspetto, \u00e8 possibile consultare l'informativa sulla privacy di Twitter all'indirizzo\u00a0<a href=\"https:\/\/www.linkedin.com\/legal\/privacy-policy\"><span class=\"s2\">https:\/\/www.linkedin.com\/legal\/privacy-policy<\/span><span class=\"s3\"><br \/><\/span><\/a><\/p>\n<p class=\"p1\"><b>Newsletter<\/b><\/p>\n<p class=\"p1\">Avete la possibilit\u00e0 di iscrivervi alla nostra newsletter. A tal fine abbiamo bisogno del vostro indirizzo e-mail e della vostra dichiarazione di accettare di ricevere la newsletter.<\/p>\n<p class=\"p1\">Quando vi registrate alla newsletter, il vostro nome e il vostro indirizzo e-mail saranno utilizzati, con il vostro consenso, esclusivamente per i nostri scopi pubblicitari fino a quando non vi cancellerete dalla newsletter. \u00c8 possibile annullare l'iscrizione in qualsiasi momento tramite la newsletter stessa o inviandoci un breve messaggio.<\/p>\n<p class=\"p1\"><b>Diritti e contatti<\/b><\/p>\n<p class=\"p1\">In generale, vi spettano i diritti di informazione, correzione, cancellazione, limitazione, portabilit\u00e0 dei dati, revoca e opposizione. Se avete domande che non trovano risposta nella presente dichiarazione sulla protezione dei dati, potete contattarci in qualsiasi momento al seguente indirizzo:<\/p>\n<p class=\"p1\"><b>Responsabilit\u00e0 generale\/redazione<\/b><\/p>\n<p class=\"p1\">Fondazione per l'infanzia in Svizzera<br \/>Seestrasse 61<br \/>6052 Hergiswil<br \/>+41 41 632 44 74<br \/><a href=\"mailto:mail@kinderstiftung.info\"><span class=\"s1\">mail@kinderstiftung.info<\/span><\/a><\/p>\n<p class=\"p1\"><b>Progettazione e realizzazione tecnica del sito web<\/b><\/p>\n<p class=\"p1\">Focus Internet<br \/>Tubo obliquo strada 3<br \/>8952 Schlieren ZH<br \/>056 450 98 40<br \/><a href=\"mailto:hello@focus-internet.ch\"><span class=\"s3\">hello@focus-internet.ch<\/span><\/a><span class=\"Apple-converted-space\">\u00a0\u00a0<\/span>\u00a0 \u00a0 \u00a0 \u00a0 \u00a0 \u00a0 \u00a0 \u00a0 \u00a0 \u00a0 \u00a0<br \/><a href=\"mailto:sales@focus-internet.ch\"><span class=\"s3\">sales@focus-internet.ch<\/span><\/a><br \/><a href=\"http:\/\/www.focus-internet.com\/\"><span class=\"s3\">www.focus-internet.com<\/span><\/a><\/p>\n<p class=\"p1\"><b>Modifica dell'informativa sulla privacy<\/b><\/p>\n<p class=\"p1\">I proprietari del sito web si riservano il diritto di apportare modifiche alla presente dichiarazione sulla protezione dei dati in qualsiasi momento con effetto futuro. L'utente \u00e8 invitato a informarsi regolarmente sulla base della rispettiva dichiarazione di protezione dei dati in vigore.<\/p>\n<p class=\"p1\"><b>Stato dell'informativa sulla privacy: agosto 2020<\/b><\/p>\n<p><\/p>\t\t\t\t\t\t\t\t<\/div>\n\t\t\t\t<\/div>\n\t\t\t\t\t<\/div>\n\t\t<\/div>\n\t\t\t\t\t<\/div>\n\t\t<\/section>\t\t<\/div>","protected":false},"excerpt":{"rendered":"<p>Esclusione di responsabilit\u00e0 L'autore non si assume alcuna responsabilit\u00e0 in merito alla correttezza, all'accuratezza, all'attualit\u00e0, all'affidabilit\u00e0 e alla completezza delle informazioni. Le richieste di risarcimento per danni causati dall'uso delle informazioni fornite, comprese quelle incomplete o errate, saranno pertanto respinte. Tutte le offerte non sono vincolanti. [...]<\/p>","protected":false},"author":4,"featured_media":0,"parent":0,"menu_order":0,"comment_status":"closed","ping_status":"closed","template":"","meta":{"footnotes":""},"class_list":["post-3","page","type-page","status-publish","hentry"],"_links":{"self":[{"href":"https:\/\/kinderstiftung.info\/it\/wp-json\/wp\/v2\/pages\/3","targetHints":{"allow":["GET"]}}],"collection":[{"href":"https:\/\/kinderstiftung.info\/it\/wp-json\/wp\/v2\/pages"}],"about":[{"href":"https:\/\/kinderstiftung.info\/it\/wp-json\/wp\/v2\/types\/page"}],"author":[{"embeddable":true,"href":"https:\/\/kinderstiftung.info\/it\/wp-json\/wp\/v2\/users\/4"}],"replies":[{"embeddable":true,"href":"https:\/\/kinderstiftung.info\/it\/wp-json\/wp\/v2\/comments?post=3"}],"version-history":[{"count":0,"href":"https:\/\/kinderstiftung.info\/it\/wp-json\/wp\/v2\/pages\/3\/revisions"}],"wp:attachment":[{"href":"https:\/\/kinderstiftung.info\/it\/wp-json\/wp\/v2\/media?parent=3"}],"curies":[{"name":"wp","href":"https:\/\/api.w.org\/{rel}","templated":true}]}}