{"id":8177,"date":"2022-03-27T12:53:57","date_gmt":"2022-03-27T10:53:57","guid":{"rendered":"https:\/\/kinderstiftung.info\/?page_id=8177"},"modified":"2022-06-23T16:38:06","modified_gmt":"2022-06-23T14:38:06","slug":"mattel","status":"publish","type":"page","link":"https:\/\/kinderstiftung.info\/de\/mattel\/","title":{"rendered":"MATTEL"},"content":{"rendered":"\t\t<div data-elementor-type=\"wp-page\" data-elementor-id=\"8177\" class=\"elementor elementor-8177\" data-elementor-post-type=\"page\">\n\t\t\t\t\t\t<section class=\"elementor-section elementor-top-section elementor-element elementor-element-0de7646 elementor-section-full_width elementor-section-height-min-height elementor-section-items-stretch elementor-section-content-bottom elementor-section-height-default qodef-elementor-content-no\" data-id=\"0de7646\" data-element_type=\"section\" data-settings=\"{&quot;background_background&quot;:&quot;classic&quot;}\">\n\t\t\t\t\t\t<div class=\"elementor-container elementor-column-gap-no\">\n\t\t\t\t\t<div class=\"elementor-column elementor-col-50 elementor-top-column elementor-element elementor-element-e3bf66e\" data-id=\"e3bf66e\" data-element_type=\"column\" data-settings=\"{&quot;background_background&quot;:&quot;classic&quot;}\">\n\t\t\t<div class=\"elementor-widget-wrap elementor-element-populated\">\n\t\t\t\t\t\t<div class=\"elementor-element elementor-element-831ed8d elementor-widget elementor-widget-heading\" data-id=\"831ed8d\" data-element_type=\"widget\" data-widget_type=\"heading.default\">\n\t\t\t\t<div class=\"elementor-widget-container\">\n\t\t\t\t\t<h1 class=\"elementor-heading-title elementor-size-default\">STIFTUNG<br> &amp; PARTNER<\/h1>\t\t\t\t<\/div>\n\t\t\t\t<\/div>\n\t\t\t\t\t<\/div>\n\t\t<\/div>\n\t\t\t\t<div class=\"elementor-column elementor-col-25 elementor-top-column elementor-element elementor-element-eefe2bc\" data-id=\"eefe2bc\" data-element_type=\"column\" data-settings=\"{&quot;background_background&quot;:&quot;classic&quot;}\">\n\t\t\t<div class=\"elementor-widget-wrap elementor-element-populated\">\n\t\t\t\t\t\t<div class=\"elementor-element elementor-element-22cc668 elementor-widget elementor-widget-image\" data-id=\"22cc668\" data-element_type=\"widget\" data-widget_type=\"image.default\">\n\t\t\t\t<div class=\"elementor-widget-container\">\n\t\t\t\t\t\t\t\t\t\t\t\t\t\t\t<img fetchpriority=\"high\" decoding=\"async\" width=\"1701\" height=\"945\" src=\"https:\/\/kinderstiftung.info\/wp-content\/uploads\/2022\/06\/Bild-Webseite_def.png\" class=\"attachment-full size-full wp-image-8626\" alt=\"\" \/>\t\t\t\t\t\t\t\t\t\t\t\t\t\t\t<\/div>\n\t\t\t\t<\/div>\n\t\t\t\t\t<\/div>\n\t\t<\/div>\n\t\t\t\t<div class=\"elementor-column elementor-col-25 elementor-top-column elementor-element elementor-element-13057bb\" data-id=\"13057bb\" data-element_type=\"column\" data-settings=\"{&quot;background_background&quot;:&quot;classic&quot;}\">\n\t\t\t<div class=\"elementor-widget-wrap elementor-element-populated\">\n\t\t\t\t\t\t<div class=\"elementor-element elementor-element-352a0e0 elementor-widget-mobile__width-initial animated-slow elementor-widget-tablet__width-initial elementor-invisible elementor-widget elementor-widget-spacer\" data-id=\"352a0e0\" data-element_type=\"widget\" data-settings=\"{&quot;_animation&quot;:&quot;fadeInRight&quot;}\" data-widget_type=\"spacer.default\">\n\t\t\t\t<div class=\"elementor-widget-container\">\n\t\t\t\t\t\t\t<div class=\"elementor-spacer\">\n\t\t\t<div class=\"elementor-spacer-inner\"><\/div>\n\t\t<\/div>\n\t\t\t\t\t\t<\/div>\n\t\t\t\t<\/div>\n\t\t\t\t\t<\/div>\n\t\t<\/div>\n\t\t\t\t\t<\/div>\n\t\t<\/section>\n\t\t\t\t<section class=\"elementor-section elementor-top-section elementor-element elementor-element-b7b5e68 elementor-section-boxed elementor-section-height-default elementor-section-height-default qodef-elementor-content-no\" data-id=\"b7b5e68\" data-element_type=\"section\">\n\t\t\t\t\t\t<div class=\"elementor-container elementor-column-gap-default\">\n\t\t\t\t\t<div class=\"elementor-column elementor-col-100 elementor-top-column elementor-element elementor-element-df3765a\" data-id=\"df3765a\" data-element_type=\"column\">\n\t\t\t<div class=\"elementor-widget-wrap elementor-element-populated\">\n\t\t\t\t\t\t<div class=\"elementor-element elementor-element-45f783d elementor-widget elementor-widget-rightcause_core_section_title\" data-id=\"45f783d\" data-element_type=\"widget\" data-widget_type=\"rightcause_core_section_title.default\">\n\t\t\t\t<div class=\"elementor-widget-container\">\n\t\t\t\t\t<div class=\"qodef-shortcode qodef-m  qodef-section-title qodef-alignment--left  \">\n\t\t\t\t\t<h1 class=\"qodef-m-title\" >\n\t\t\t\t\tFisher-Price und die Stiftung f\u00fcr Kinder in der Schweiz unterwegs im          Jahr des Spielens\t\t\t<\/h1>\n\t<\/div>\t\t\t\t<\/div>\n\t\t\t\t<\/div>\n\t\t\t\t<div class=\"elementor-element elementor-element-65f61b2 elementor-widget elementor-widget-text-editor\" data-id=\"65f61b2\" data-element_type=\"widget\" data-widget_type=\"text-editor.default\">\n\t\t\t\t<div class=\"elementor-widget-container\">\n\t\t\t\t\t\t\t\t\t<p>Das Spielen ist f\u00fcr uns alle sehr wichtig. Es f\u00f6rdert die Entwicklung, die Kommunikation und bereitet auch Spass. Als Stiftung widmen wir das 2022 dem Jahr des Spielens.<\/p><p>Zusammen mit unseren Partnern Mattel, fisher-price, Hot Wheels und deren Partnern f\u00f6rdern wir diese Werte. Um speziell nach diesen turbulenten Zeiten wieder ein Lachen in den Augen der Kinder zu zaubern.<\/p><p>\u00a0<\/p>\t\t\t\t\t\t\t\t<\/div>\n\t\t\t\t<\/div>\n\t\t\t\t<div class=\"elementor-element elementor-element-fe34a08 elementor-grid-3 elementor-grid-tablet-2 elementor-grid-mobile-1 elementor-posts--thumbnail-top elementor-card-shadow-yes elementor-posts__hover-gradient elementor-widget elementor-widget-posts\" data-id=\"fe34a08\" data-element_type=\"widget\" data-settings=\"{&quot;cards_columns&quot;:&quot;3&quot;,&quot;cards_columns_tablet&quot;:&quot;2&quot;,&quot;cards_columns_mobile&quot;:&quot;1&quot;,&quot;cards_row_gap&quot;:{&quot;unit&quot;:&quot;px&quot;,&quot;size&quot;:35,&quot;sizes&quot;:[]},&quot;cards_row_gap_tablet&quot;:{&quot;unit&quot;:&quot;px&quot;,&quot;size&quot;:&quot;&quot;,&quot;sizes&quot;:[]},&quot;cards_row_gap_mobile&quot;:{&quot;unit&quot;:&quot;px&quot;,&quot;size&quot;:&quot;&quot;,&quot;sizes&quot;:[]}}\" data-widget_type=\"posts.cards\">\n\t\t\t\t<div class=\"elementor-widget-container\">\n\t\t\t\t\t\t\t<div class=\"elementor-posts-container elementor-posts elementor-posts--skin-cards elementor-grid\">\n\t\t\t\t<article class=\"elementor-post elementor-grid-item post-9042 post type-post status-publish format-standard has-post-thumbnail hentry category-allgemein category-mattel tag-eleonorenstiftung tag-eltern tag-kinderspital tag-kinderstiftung tag-krank tag-operation tag-spenden qodef-post--popular\">\n\t\t\t<div class=\"elementor-post__card\">\n\t\t\t\t<a class=\"elementor-post__thumbnail__link\" href=\"https:\/\/kinderstiftung.info\/de\/2023\/05\/10\/besuch-im-kinderspital-zuerich\/\" tabindex=\"-1\" ><div class=\"elementor-post__thumbnail\"><img decoding=\"async\" width=\"225\" height=\"300\" src=\"https:\/\/kinderstiftung.info\/wp-content\/uploads\/2023\/05\/Unknown-30-225x300.jpeg\" class=\"attachment-medium size-medium wp-image-9046\" alt=\"\" srcset=\"https:\/\/kinderstiftung.info\/wp-content\/uploads\/2023\/05\/Unknown-30-225x300.jpeg 225w, https:\/\/kinderstiftung.info\/wp-content\/uploads\/2023\/05\/Unknown-30-9x12.jpeg 9w, https:\/\/kinderstiftung.info\/wp-content\/uploads\/2023\/05\/Unknown-30-rotated.jpeg 480w\" sizes=\"(max-width: 225px) 100vw, 225px\" \/><\/div><\/a>\n\t\t\t\t<div class=\"elementor-post__badge\">Allgemein<\/div>\n\t\t\t\t<div class=\"elementor-post__text\">\n\t\t\t\t<h3 class=\"elementor-post__title\">\n\t\t\t<a href=\"https:\/\/kinderstiftung.info\/de\/2023\/05\/10\/besuch-im-kinderspital-zuerich\/\" >\n\t\t\t\tBesuch im Kinderspital Z\u00fcrich\t\t\t<\/a>\n\t\t<\/h3>\n\t\t\t\t<div class=\"elementor-post__excerpt\">\n\t\t\t<p>Wir hatten die Ehre das Kinderspital Z\u00fcrich mit einer grossen Geschenkskiste f\u00fcr die kranken Kinder zu \u00fcberraschen, die von der Stiftung f\u00fcr Kinder in der Schweiz zusammen mit der Mattel AG liebevoll zusammengestellt wurde. Wir wurden von der Spitalleitung zusammen mit Flippa einer der Spitalclowns herzlich empfangen und durften einige<\/p>\n\t\t<\/div>\n\t\t\n\t\t<a class=\"elementor-post__read-more\" href=\"https:\/\/kinderstiftung.info\/de\/2023\/05\/10\/besuch-im-kinderspital-zuerich\/\" aria-label=\"Mehr \u00fcber Besuch im Kinderspital Z\u00fcrich\" tabindex=\"-1\" >\n\t\t\tmehr lesen\t\t<\/a>\n\n\t\t\t\t<\/div>\n\t\t\t\t<div class=\"elementor-post__meta-data\">\n\t\t\t\t\t<span class=\"elementor-post-date\">\n\t\t\t10. Mai 2023\t\t<\/span>\n\t\t\t\t<\/div>\n\t\t\t\t\t<\/div>\n\t\t<\/article>\n\t\t\t\t<article class=\"elementor-post elementor-grid-item post-8509 post type-post status-publish format-standard has-post-thumbnail hentry category-mattel tag-franz-carl-weber tag-kinder tag-manor tag-migros tag-retailer tag-spenden tag-spielzeug qodef-post--trending\">\n\t\t\t<div class=\"elementor-post__card\">\n\t\t\t\t<a class=\"elementor-post__thumbnail__link\" href=\"https:\/\/kinderstiftung.info\/de\/2022\/07\/20\/ihr-spielt-wir-spenden\/\" tabindex=\"-1\" ><div class=\"elementor-post__thumbnail\"><img decoding=\"async\" width=\"300\" height=\"300\" src=\"https:\/\/kinderstiftung.info\/wp-content\/uploads\/2022\/07\/FPFXC66HI18-300x300.jpg\" class=\"attachment-medium size-medium wp-image-8847\" alt=\"\" srcset=\"https:\/\/kinderstiftung.info\/wp-content\/uploads\/2022\/07\/FPFXC66HI18-300x300.jpg 300w, https:\/\/kinderstiftung.info\/wp-content\/uploads\/2022\/07\/FPFXC66HI18-150x150.jpg 150w, https:\/\/kinderstiftung.info\/wp-content\/uploads\/2022\/07\/FPFXC66HI18-12x12.jpg 12w, https:\/\/kinderstiftung.info\/wp-content\/uploads\/2022\/07\/FPFXC66HI18-100x100.jpg 100w, https:\/\/kinderstiftung.info\/wp-content\/uploads\/2022\/07\/FPFXC66HI18.jpg 500w\" sizes=\"(max-width: 300px) 100vw, 300px\" \/><\/div><\/a>\n\t\t\t\t<div class=\"elementor-post__badge\">Mattel<\/div>\n\t\t\t\t<div class=\"elementor-post__text\">\n\t\t\t\t<h3 class=\"elementor-post__title\">\n\t\t\t<a href=\"https:\/\/kinderstiftung.info\/de\/2022\/07\/20\/ihr-spielt-wir-spenden\/\" >\n\t\t\t\tIhr spielt \u2013 wir spenden\t\t\t<\/a>\n\t\t<\/h3>\n\t\t\t\t<div class=\"elementor-post__excerpt\">\n\t\t\t<p>Vom 2. August bis zum 30. September k\u00f6nnt ihr beim Kauf eines Fisher-Price-Produkts nicht nur ein Kind beschenken, sondern auch etwas f\u00fcr benachteiligte Kinder in der Schweiz tun. Denn f\u00fcr jedes gekaufte Fisher-Price Produkt bei unseren Partnern Migros, Manor, Franz Carl Weber und King Jouet werden 50 Rappen an die<\/p>\n\t\t<\/div>\n\t\t\n\t\t<a class=\"elementor-post__read-more\" href=\"https:\/\/kinderstiftung.info\/de\/2022\/07\/20\/ihr-spielt-wir-spenden\/\" aria-label=\"Mehr \u00fcber Ihr spielt \u2013 wir spenden\" tabindex=\"-1\" >\n\t\t\tmehr lesen\t\t<\/a>\n\n\t\t\t\t<\/div>\n\t\t\t\t<div class=\"elementor-post__meta-data\">\n\t\t\t\t\t<span class=\"elementor-post-date\">\n\t\t\t20. Juli 2022\t\t<\/span>\n\t\t\t\t<\/div>\n\t\t\t\t\t<\/div>\n\t\t<\/article>\n\t\t\t\t<article class=\"elementor-post elementor-grid-item post-8792 post type-post status-publish format-standard has-post-thumbnail hentry category-mattel tag-beliebt tag-foto tag-freude tag-kinder tag-lachen tag-maskottchen tag-spenden\">\n\t\t\t<div class=\"elementor-post__card\">\n\t\t\t\t<a class=\"elementor-post__thumbnail__link\" href=\"https:\/\/kinderstiftung.info\/de\/2022\/07\/19\/bliebtes-fotosujet\/\" tabindex=\"-1\" ><div class=\"elementor-post__thumbnail\"><img loading=\"lazy\" decoding=\"async\" width=\"300\" height=\"198\" src=\"https:\/\/kinderstiftung.info\/wp-content\/uploads\/2022\/07\/2022-07-14-Post-Stiftungsbaer-unterwegs5-300x198.png\" class=\"attachment-medium size-medium wp-image-8820\" alt=\"\" srcset=\"https:\/\/kinderstiftung.info\/wp-content\/uploads\/2022\/07\/2022-07-14-Post-Stiftungsbaer-unterwegs5-300x198.png 300w, https:\/\/kinderstiftung.info\/wp-content\/uploads\/2022\/07\/2022-07-14-Post-Stiftungsbaer-unterwegs5-768x507.png 768w, https:\/\/kinderstiftung.info\/wp-content\/uploads\/2022\/07\/2022-07-14-Post-Stiftungsbaer-unterwegs5-18x12.png 18w, https:\/\/kinderstiftung.info\/wp-content\/uploads\/2022\/07\/2022-07-14-Post-Stiftungsbaer-unterwegs5-600x396.png 600w, https:\/\/kinderstiftung.info\/wp-content\/uploads\/2022\/07\/2022-07-14-Post-Stiftungsbaer-unterwegs5.png 812w\" sizes=\"(max-width: 300px) 100vw, 300px\" \/><\/div><\/a>\n\t\t\t\t<div class=\"elementor-post__badge\">Mattel<\/div>\n\t\t\t\t<div class=\"elementor-post__text\">\n\t\t\t\t<h3 class=\"elementor-post__title\">\n\t\t\t<a href=\"https:\/\/kinderstiftung.info\/de\/2022\/07\/19\/bliebtes-fotosujet\/\" >\n\t\t\t\tBliebtes Fotosujet\t\t\t<\/a>\n\t\t<\/h3>\n\t\t\t\t<div class=\"elementor-post__excerpt\">\n\t\t\t<p>Bei all unseren Anl\u00e4ssen darf nat\u00fcrlich das Maskottchen, der Stiftungsb\u00e4r, auch nicht fehlen. Ob bei 10 Grad minus oder bei 40 Grad plus, unser B\u00e4r ist immer topmotiviert und erfreut sowohl Jung als auch Alt. Im Jahr des Spielens ist er besonders viel unterwegs und freut sich sehr darauf, euch<\/p>\n\t\t<\/div>\n\t\t\n\t\t<a class=\"elementor-post__read-more\" href=\"https:\/\/kinderstiftung.info\/de\/2022\/07\/19\/bliebtes-fotosujet\/\" aria-label=\"Mehr \u00fcber Bliebtes Fotosujet\" tabindex=\"-1\" >\n\t\t\tmehr lesen\t\t<\/a>\n\n\t\t\t\t<\/div>\n\t\t\t\t<div class=\"elementor-post__meta-data\">\n\t\t\t\t\t<span class=\"elementor-post-date\">\n\t\t\t19. Juli 2022\t\t<\/span>\n\t\t\t\t<\/div>\n\t\t\t\t\t<\/div>\n\t\t<\/article>\n\t\t\t\t<article class=\"elementor-post elementor-grid-item post-8171 post type-post status-publish format-standard has-post-thumbnail hentry category-mattel tag-freude tag-kinderspital tag-mattel tag-spielsachen\">\n\t\t\t<div class=\"elementor-post__card\">\n\t\t\t\t<a class=\"elementor-post__thumbnail__link\" href=\"https:\/\/kinderstiftung.info\/de\/2022\/05\/01\/mattel-beispielbeitrag-1\/\" tabindex=\"-1\" ><div class=\"elementor-post__thumbnail\"><img loading=\"lazy\" decoding=\"async\" width=\"300\" height=\"199\" src=\"https:\/\/kinderstiftung.info\/wp-content\/uploads\/2022\/05\/Hand-mit-Farbe-300x199.jpg\" class=\"attachment-medium size-medium wp-image-8373\" alt=\"\" srcset=\"https:\/\/kinderstiftung.info\/wp-content\/uploads\/2022\/05\/Hand-mit-Farbe-300x199.jpg 300w, https:\/\/kinderstiftung.info\/wp-content\/uploads\/2022\/05\/Hand-mit-Farbe-1024x680.jpg 1024w, https:\/\/kinderstiftung.info\/wp-content\/uploads\/2022\/05\/Hand-mit-Farbe-768x510.jpg 768w, https:\/\/kinderstiftung.info\/wp-content\/uploads\/2022\/05\/Hand-mit-Farbe-1536x1020.jpg 1536w, https:\/\/kinderstiftung.info\/wp-content\/uploads\/2022\/05\/Hand-mit-Farbe-2048x1360.jpg 2048w\" sizes=\"(max-width: 300px) 100vw, 300px\" \/><\/div><\/a>\n\t\t\t\t<div class=\"elementor-post__badge\">Mattel<\/div>\n\t\t\t\t<div class=\"elementor-post__text\">\n\t\t\t\t<h3 class=\"elementor-post__title\">\n\t\t\t<a href=\"https:\/\/kinderstiftung.info\/de\/2022\/05\/01\/mattel-beispielbeitrag-1\/\" >\n\t\t\t\tFreude schenken\t\t\t<\/a>\n\t\t<\/h3>\n\t\t\t\t<div class=\"elementor-post__excerpt\">\n\t\t\t<p>Tagt\u00e4glich geht es vielen Kindern so schlecht, dass sie ins Spital gehen m\u00fcssen. Dort k\u00fcmmern sich \u00c4rzt*innen und das FAGE-Team um die kleinen Patient*innen, und helfen so mit, sie etwas von ihrem belastenden Alltag abzulenken. Auch mit altersgerechtem Spielzeug k\u00f6nnen die Kinder einen Moment der Entspannung und der Freude erleben.<\/p>\n\t\t<\/div>\n\t\t\n\t\t<a class=\"elementor-post__read-more\" href=\"https:\/\/kinderstiftung.info\/de\/2022\/05\/01\/mattel-beispielbeitrag-1\/\" aria-label=\"Mehr \u00fcber Freude schenken\" tabindex=\"-1\" >\n\t\t\tmehr lesen\t\t<\/a>\n\n\t\t\t\t<\/div>\n\t\t\t\t<div class=\"elementor-post__meta-data\">\n\t\t\t\t\t<span class=\"elementor-post-date\">\n\t\t\t1. Mai 2022\t\t<\/span>\n\t\t\t\t<\/div>\n\t\t\t\t\t<\/div>\n\t\t<\/article>\n\t\t\t\t<\/div>\n\t\t\n\t\t\t\t\t\t<\/div>\n\t\t\t\t<\/div>\n\t\t\t\t\t<\/div>\n\t\t<\/div>\n\t\t\t\t\t<\/div>\n\t\t<\/section>\n\t\t\t\t<section class=\"elementor-section elementor-top-section elementor-element elementor-element-3b514e4 elementor-section-boxed elementor-section-height-default elementor-section-height-default qodef-elementor-content-no\" data-id=\"3b514e4\" data-element_type=\"section\" data-settings=\"{&quot;background_background&quot;:&quot;classic&quot;}\">\n\t\t\t\t\t\t<div class=\"elementor-container elementor-column-gap-default\">\n\t\t\t\t\t<div class=\"elementor-column elementor-col-25 elementor-top-column elementor-element elementor-element-6b12085\" data-id=\"6b12085\" data-element_type=\"column\">\n\t\t\t<div class=\"elementor-widget-wrap\">\n\t\t\t\t\t\t\t<\/div>\n\t\t<\/div>\n\t\t\t\t<div class=\"elementor-column elementor-col-25 elementor-top-column elementor-element elementor-element-07978d9\" data-id=\"07978d9\" data-element_type=\"column\">\n\t\t\t<div class=\"elementor-widget-wrap\">\n\t\t\t\t\t\t\t<\/div>\n\t\t<\/div>\n\t\t\t\t<div class=\"elementor-column elementor-col-25 elementor-top-column elementor-element elementor-element-f3d9bc9\" data-id=\"f3d9bc9\" data-element_type=\"column\">\n\t\t\t<div class=\"elementor-widget-wrap\">\n\t\t\t\t\t\t\t<\/div>\n\t\t<\/div>\n\t\t\t\t<div class=\"elementor-column elementor-col-25 elementor-top-column elementor-element elementor-element-d20db78\" data-id=\"d20db78\" data-element_type=\"column\">\n\t\t\t<div class=\"elementor-widget-wrap\">\n\t\t\t\t\t\t\t<\/div>\n\t\t<\/div>\n\t\t\t\t\t<\/div>\n\t\t<\/section>\n\t\t\t\t<section class=\"elementor-section elementor-top-section elementor-element elementor-element-ba53f62 elementor-section-full_width elementor-section-height-default elementor-section-height-default qodef-elementor-content-no\" data-id=\"ba53f62\" data-element_type=\"section\">\n\t\t\t\t\t\t<div class=\"elementor-container elementor-column-gap-default\">\n\t\t\t\t\t<div class=\"elementor-column elementor-col-100 elementor-top-column elementor-element elementor-element-533f8a5\" data-id=\"533f8a5\" data-element_type=\"column\">\n\t\t\t<div class=\"elementor-widget-wrap elementor-element-populated\">\n\t\t\t\t\t\t<div class=\"elementor-element elementor-element-5c93376 elementor-widget-mobile__width-inherit elementor-widget elementor-widget-rightcause_core_call_to_action\" data-id=\"5c93376\" data-element_type=\"widget\" data-widget_type=\"rightcause_core_call_to_action.default\">\n\t\t\t\t<div class=\"elementor-widget-container\">\n\t\t\t\t\t<div class=\"qodef-shortcode qodef-m  qodef-call-to-action qodef-layout--standard qodef-style--centered\">\n\t<div class=\"qodef-m-inner\">\n\t\t\t<div class=\"qodef-m-content\"><h2><span style=\"color: #e3001b;\">Zusammen f\u00fcr Kinder<\/span><\/h2><\/div>\n\t\t\t<\/div>\n<\/div>\t\t\t\t<\/div>\n\t\t\t\t<\/div>\n\t\t\t\t\t<\/div>\n\t\t<\/div>\n\t\t\t\t\t<\/div>\n\t\t<\/section>\n\t\t\t\t<section class=\"elementor-section elementor-top-section elementor-element elementor-element-e5bd975 qodef-elementor-content-grid elementor-section-boxed elementor-section-height-default elementor-section-height-default\" data-id=\"e5bd975\" data-element_type=\"section\" data-settings=\"{&quot;background_background&quot;:&quot;classic&quot;}\">\n\t\t\t\t\t\t<div class=\"elementor-container elementor-column-gap-default\">\n\t\t\t\t\t<div class=\"elementor-column elementor-col-100 elementor-top-column elementor-element elementor-element-38822d9\" data-id=\"38822d9\" data-element_type=\"column\">\n\t\t\t<div class=\"elementor-widget-wrap elementor-element-populated\">\n\t\t\t\t\t\t<div class=\"elementor-element elementor-element-3e3781c elementor-widget elementor-widget-spacer\" data-id=\"3e3781c\" data-element_type=\"widget\" data-widget_type=\"spacer.default\">\n\t\t\t\t<div class=\"elementor-widget-container\">\n\t\t\t\t\t\t\t<div class=\"elementor-spacer\">\n\t\t\t<div class=\"elementor-spacer-inner\"><\/div>\n\t\t<\/div>\n\t\t\t\t\t\t<\/div>\n\t\t\t\t<\/div>\n\t\t\t\t\t<\/div>\n\t\t<\/div>\n\t\t\t\t\t<\/div>\n\t\t<\/section>\n\t\t\t\t<\/div>\n\t\t","protected":false},"excerpt":{"rendered":"<p>STIFTUNG &amp; PARTNER Fisher-Price und die Stiftung f\u00fcr Kinder in der Schweiz unterwegs im Jahr des Spielens Das Spielen ist f\u00fcr uns alle sehr wichtig. Es f\u00f6rdert die Entwicklung, die Kommunikation und bereitet auch Spass. Als Stiftung widmen wir das 2022 dem Jahr des Spielens. Zusammen mit unseren Partnern Mattel, fisher-price, Hot Wheels und deren [&hellip;]<\/p>\n","protected":false},"author":4,"featured_media":0,"parent":0,"menu_order":0,"comment_status":"closed","ping_status":"closed","template":"elementor_header_footer","meta":{"footnotes":""},"class_list":["post-8177","page","type-page","status-publish","hentry"],"_links":{"self":[{"href":"https:\/\/kinderstiftung.info\/de\/wp-json\/wp\/v2\/pages\/8177","targetHints":{"allow":["GET"]}}],"collection":[{"href":"https:\/\/kinderstiftung.info\/de\/wp-json\/wp\/v2\/pages"}],"about":[{"href":"https:\/\/kinderstiftung.info\/de\/wp-json\/wp\/v2\/types\/page"}],"author":[{"embeddable":true,"href":"https:\/\/kinderstiftung.info\/de\/wp-json\/wp\/v2\/users\/4"}],"replies":[{"embeddable":true,"href":"https:\/\/kinderstiftung.info\/de\/wp-json\/wp\/v2\/comments?post=8177"}],"version-history":[{"count":16,"href":"https:\/\/kinderstiftung.info\/de\/wp-json\/wp\/v2\/pages\/8177\/revisions"}],"predecessor-version":[{"id":8676,"href":"https:\/\/kinderstiftung.info\/de\/wp-json\/wp\/v2\/pages\/8177\/revisions\/8676"}],"wp:attachment":[{"href":"https:\/\/kinderstiftung.info\/de\/wp-json\/wp\/v2\/media?parent=8177"}],"curies":[{"name":"wp","href":"https:\/\/api.w.org\/{rel}","templated":true}]}}